{"id":433,"date":"2026-04-02T10:28:28","date_gmt":"2026-04-02T08:28:28","guid":{"rendered":"https:\/\/myvibe.id\/?page_id=433"},"modified":"2026-04-03T22:40:55","modified_gmt":"2026-04-03T20:40:55","slug":"kontakt","status":"publish","type":"page","link":"https:\/\/myvibe.id\/de\/kontakt\/","title":{"rendered":"Kontakt"},"content":{"rendered":"\t\t<div data-elementor-type=\"wp-page\" data-elementor-id=\"433\" class=\"elementor elementor-433\" data-elementor-post-type=\"page\">\n\t\t\t\t<div class=\"elementor-element elementor-element-6746b151 e-flex e-con-boxed e-con e-parent\" data-id=\"6746b151\" data-element_type=\"container\" data-e-type=\"container\" data-settings=\"{&quot;background_background&quot;:&quot;gradient&quot;}\">\n\t\t\t\t\t<div class=\"e-con-inner\">\n\t\t\t\t<div class=\"elementor-element elementor-element-65a9a2db elementor-widget elementor-widget-text-editor\" data-id=\"65a9a2db\" data-element_type=\"widget\" data-e-type=\"widget\" data-widget_type=\"text-editor.default\">\n\t\t\t\t\t\t\t\t\t<h1 style=\"margin: 0; line-height: 1.5;\">Sprechen wir<\/h1>\n<h1 style=\"margin: 0; line-height: 1; background: linear-gradient(135deg, var(--e-global-color-3ccdedd), var(--e-global-color-bf4bd49)); -webkit-background-clip: text; -webkit-text-fill-color: transparent;\">\u00fcber Ihren n\u00e4chsten Schritt.<\/h1>\t\t\t\t\t\t\t\t<\/div>\n\t\t\t\t<div class=\"elementor-element elementor-element-39c17bd0 elementor-widget__width-initial elementor-widget elementor-widget-text-editor\" data-id=\"39c17bd0\" data-element_type=\"widget\" data-e-type=\"widget\" data-widget_type=\"text-editor.default\">\n\t\t\t\t\t\t\t\t\t<p>Ob Sie Ihren pers\u00f6nlichen Stil entdecken m\u00f6chten oder als Unternehmen Pilot-Partner werden wollen &#8211; wir freuen uns auf Ihre Nachricht.<\/p>\t\t\t\t\t\t\t\t<\/div>\n\t\t\t\t\t<\/div>\n\t\t\t\t<\/div>\n\t\t<div class=\"elementor-element elementor-element-5540066 e-flex e-con-boxed e-con e-parent\" data-id=\"5540066\" data-element_type=\"container\" data-e-type=\"container\" data-settings=\"{&quot;background_background&quot;:&quot;gradient&quot;}\">\n\t\t\t\t\t<div class=\"e-con-inner\">\n\t\t<div class=\"elementor-element elementor-element-07e85e1 e-con-full e-flex e-con e-child\" data-id=\"07e85e1\" data-element_type=\"container\" data-e-type=\"container\">\n\t\t\t\t<div class=\"elementor-element elementor-element-465d5b1 elementor-widget__width-inherit elementor-widget elementor-widget-heading\" data-id=\"465d5b1\" data-element_type=\"widget\" data-e-type=\"widget\" data-widget_type=\"heading.default\">\n\t\t\t\t\t<h4 class=\"elementor-heading-title elementor-size-default\">So erreichen Sie uns<\/h4>\t\t\t\t<\/div>\n\t\t<div class=\"elementor-element elementor-element-81ac6ec e-con-full e-flex e-con e-child\" data-id=\"81ac6ec\" data-element_type=\"container\" data-e-type=\"container\">\n\t\t<div class=\"elementor-element elementor-element-8d423eb e-con-full e-flex e-con e-child\" data-id=\"8d423eb\" data-element_type=\"container\" data-e-type=\"container\">\n\t\t\t\t<div class=\"elementor-element elementor-element-efba34f elementor-widget elementor-widget-text-editor\" data-id=\"efba34f\" data-element_type=\"widget\" data-e-type=\"widget\" data-widget_type=\"text-editor.default\">\n\t\t\t\t\t\t\t\t\t\u2709\ufe0f\t\t\t\t\t\t\t\t<\/div>\n\t\t\t\t<\/div>\n\t\t<div class=\"elementor-element elementor-element-58adeb5 e-con-full e-flex e-con e-child\" data-id=\"58adeb5\" data-element_type=\"container\" data-e-type=\"container\">\n\t\t\t\t<div class=\"elementor-element elementor-element-e2f0df6 elementor-widget elementor-widget-text-editor\" data-id=\"e2f0df6\" data-element_type=\"widget\" data-e-type=\"widget\" data-widget_type=\"text-editor.default\">\n\t\t\t\t\t\t\t\t\t<h5>E-Mail<\/h5><p><a href=\"mailto:hello@myvibe.id\">hello@myvibe.id<\/a><\/p>\t\t\t\t\t\t\t\t<\/div>\n\t\t\t\t<\/div>\n\t\t\t\t<\/div>\n\t\t<div class=\"elementor-element elementor-element-ccb14f8 e-con-full e-flex e-con e-child\" data-id=\"ccb14f8\" data-element_type=\"container\" data-e-type=\"container\">\n\t\t<div class=\"elementor-element elementor-element-955ad65 e-con-full e-flex e-con e-child\" data-id=\"955ad65\" data-element_type=\"container\" data-e-type=\"container\">\n\t\t\t\t<div class=\"elementor-element elementor-element-2d3945c elementor-widget elementor-widget-text-editor\" data-id=\"2d3945c\" data-element_type=\"widget\" data-e-type=\"widget\" data-widget_type=\"text-editor.default\">\n\t\t\t\t\t\t\t\t\t\ud83d\udcde\t\t\t\t\t\t\t\t<\/div>\n\t\t\t\t<\/div>\n\t\t<div class=\"elementor-element elementor-element-662be8d e-con-full e-flex e-con e-child\" data-id=\"662be8d\" data-element_type=\"container\" data-e-type=\"container\">\n\t\t\t\t<div class=\"elementor-element elementor-element-2d642c2 elementor-widget elementor-widget-text-editor\" data-id=\"2d642c2\" data-element_type=\"widget\" data-e-type=\"widget\" data-widget_type=\"text-editor.default\">\n\t\t\t\t\t\t\t\t\t<h4>Telefon<\/h4><p>+49 (0)8456 9641 404<\/p>\t\t\t\t\t\t\t\t<\/div>\n\t\t\t\t<\/div>\n\t\t\t\t<\/div>\n\t\t<div class=\"elementor-element elementor-element-784a767 e-con-full e-flex e-con e-child\" data-id=\"784a767\" data-element_type=\"container\" data-e-type=\"container\">\n\t\t<div class=\"elementor-element elementor-element-8c2fc33 e-con-full e-flex e-con e-child\" data-id=\"8c2fc33\" data-element_type=\"container\" data-e-type=\"container\">\n\t\t\t\t<div class=\"elementor-element elementor-element-fdbbd21 elementor-widget elementor-widget-text-editor\" data-id=\"fdbbd21\" data-element_type=\"widget\" data-e-type=\"widget\" data-widget_type=\"text-editor.default\">\n\t\t\t\t\t\t\t\t\t\ud83d\udccd\t\t\t\t\t\t\t\t<\/div>\n\t\t\t\t<\/div>\n\t\t<div class=\"elementor-element elementor-element-a7c5119 e-con-full e-flex e-con e-child\" data-id=\"a7c5119\" data-element_type=\"container\" data-e-type=\"container\">\n\t\t\t\t<div class=\"elementor-element elementor-element-a5b48b6 elementor-widget elementor-widget-text-editor\" data-id=\"a5b48b6\" data-element_type=\"widget\" data-e-type=\"widget\" data-widget_type=\"text-editor.default\">\n\t\t\t\t\t\t\t\t\t<h4>Adresse<\/h4><p>Open The Box GmbH<br \/>Andreas-Schmeller-Str. 8<br \/>D-85092 K\u00f6sching<\/p>\t\t\t\t\t\t\t\t<\/div>\n\t\t\t\t<\/div>\n\t\t\t\t<\/div>\n\t\t<div class=\"elementor-element elementor-element-f07f87c e-con-full e-flex e-con e-child\" data-id=\"f07f87c\" data-element_type=\"container\" data-e-type=\"container\">\n\t\t<div class=\"elementor-element elementor-element-4c465b8 e-con-full e-flex e-con e-child\" data-id=\"4c465b8\" data-element_type=\"container\" data-e-type=\"container\">\n\t\t\t\t<div class=\"elementor-element elementor-element-5978edf elementor-widget elementor-widget-text-editor\" data-id=\"5978edf\" data-element_type=\"widget\" data-e-type=\"widget\" data-widget_type=\"text-editor.default\">\n\t\t\t\t\t\t\t\t\t\ud83d\udd50\t\t\t\t\t\t\t\t<\/div>\n\t\t\t\t<\/div>\n\t\t<div class=\"elementor-element elementor-element-053cf1e e-con-full e-flex e-con e-child\" data-id=\"053cf1e\" data-element_type=\"container\" data-e-type=\"container\">\n\t\t\t\t<div class=\"elementor-element elementor-element-f211176 elementor-widget elementor-widget-text-editor\" data-id=\"f211176\" data-element_type=\"widget\" data-e-type=\"widget\" data-widget_type=\"text-editor.default\">\n\t\t\t\t\t\t\t\t\t<h4>Antwortzeit<\/h4><p>Wir antworten an Wochentagen in der Regel innerhalb von 24 Stunden.<\/p>\t\t\t\t\t\t\t\t<\/div>\n\t\t\t\t<\/div>\n\t\t\t\t<\/div>\n\t\t\t\t<div class=\"elementor-element elementor-element-c0489e6 elementor-widget elementor-widget-text-editor\" data-id=\"c0489e6\" data-element_type=\"widget\" data-e-type=\"widget\" data-widget_type=\"text-editor.default\">\n\t\t\t\t\t\t\t\t\t<p style=\"text-align: center;\"><strong>Pilot-Partner?<\/strong>\u00a0Wenn Sie als Hersteller, H\u00e4ndler oder Designer an einer Partnerschaft interessiert sind, w\u00e4hlen Sie unten einfach Ihre Rolle aus \u2014 wir melden uns mit den passenden Informationen.<\/p>\t\t\t\t\t\t\t\t<\/div>\n\t\t\t\t<\/div>\n\t\t<div class=\"elementor-element elementor-element-ca1b663 e-con-full e-flex e-con e-child\" data-id=\"ca1b663\" data-element_type=\"container\" data-e-type=\"container\" data-settings=\"{&quot;background_background&quot;:&quot;classic&quot;}\">\n\t\t\t\t<div class=\"elementor-element elementor-element-63a1de2 elementor-widget__width-inherit elementor-widget elementor-widget-heading\" data-id=\"63a1de2\" data-element_type=\"widget\" data-e-type=\"widget\" data-widget_type=\"heading.default\">\n\t\t\t\t\t<h4 class=\"elementor-heading-title elementor-size-default\">Schreiben Sie uns<\/h4>\t\t\t\t<\/div>\n\t\t\t\t<div class=\"elementor-element elementor-element-2699e91 elementor-widget elementor-widget-wpforms\" data-id=\"2699e91\" data-element_type=\"widget\" data-e-type=\"widget\" data-widget_type=\"wpforms.default\">\n\t\t\t\t<div class=\"elementor-widget-container\">\n\t\t\t\t\t<div class=\"wpforms-container wpforms-container-full wpforms-render-modern\" id=\"wpforms-502\"><form id=\"wpforms-form-502\" class=\"wpforms-validate wpforms-form wpforms-ajax-form\" data-formid=\"502\" method=\"post\" enctype=\"multipart\/form-data\" action=\"\/de\/wp-json\/wp\/v2\/pages\/433\" data-token=\"36c51af4bc1e2cec3d510150c4426fde\" data-token-time=\"1775485881\"><noscript class=\"wpforms-error-noscript\">Bitte aktiviere JavaScript in deinem Browser, um dieses Formular fertigzustellen.<\/noscript><div id=\"wpforms-error-noscript\" style=\"display: none;\">Bitte aktiviere JavaScript in deinem Browser, um dieses Formular fertigzustellen.<\/div><div class=\"wpforms-field-container\"><div id=\"wpforms-502-field_4-container\" class=\"wpforms-field wpforms-field-select wpforms-field-select-style-classic\" data-field-id=\"4\"><label class=\"wpforms-field-label\" for=\"wpforms-502-field_4\">Ich bin ... <span class=\"wpforms-required-label\" aria-hidden=\"true\">*<\/span><\/label><select id=\"wpforms-502-field_4\" class=\"wpforms-field-medium wpforms-field-required\" name=\"wpforms[fields][4]\" required=\"required\"><option value=\"\" class=\"placeholder\" disabled  selected='selected'>--- Auswahl treffen ---<\/option><option value=\"Privatperson\"  class=\"choice-1 depth-1\"  >Privatperson<\/option><option value=\"Brand \/ Hersteller\"  class=\"choice-2 depth-1\"  >Brand \/ Hersteller<\/option><option value=\"H\u00e4ndler\/in\"  class=\"choice-3 depth-1\"  >H\u00e4ndler\/in<\/option><option value=\"(Interior) Designer\/in\"  class=\"choice-4 depth-1\"  >(Interior) Designer\/in<\/option><option value=\"(Innen-)Architekt\/in\"  class=\"choice-5 depth-1\"  >(Innen-)Architekt\/in<\/option><option value=\"Handwerker\/in\"  class=\"choice-6 depth-1\"  >Handwerker\/in<\/option><\/select><\/div><div id=\"wpforms-502-field_1-container\" class=\"wpforms-field wpforms-field-name\" data-field-id=\"1\"><label class=\"wpforms-field-label\" for=\"wpforms-502-field_1\">Name <span class=\"wpforms-required-label\" aria-hidden=\"true\">*<\/span><\/label><input type=\"text\" id=\"wpforms-502-field_1\" class=\"wpforms-field-medium wpforms-field-required\" name=\"wpforms[fields][1]\" aria-errormessage=\"wpforms-502-field_1-error\" aria-describedby=\"wpforms-502-field_1-description\" required><div id=\"wpforms-502-field_1-description\" class=\"wpforms-field-description\">Wie d\u00fcrfen wir Sie ansprechen?<\/div><\/div><div id=\"wpforms-502-field_2-container\" class=\"wpforms-field wpforms-field-email\" data-field-id=\"2\"><label class=\"wpforms-field-label\" for=\"wpforms-502-field_2\">E-Mail-Adresse <span class=\"wpforms-required-label\" aria-hidden=\"true\">*<\/span><\/label><input type=\"email\" id=\"wpforms-502-field_2\" class=\"wpforms-field-medium wpforms-field-required\" name=\"wpforms[fields][2]\" spellcheck=\"false\" aria-errormessage=\"wpforms-502-field_2-error\" aria-describedby=\"wpforms-502-field_2-description\" required><div id=\"wpforms-502-field_2-description\" class=\"wpforms-field-description\">Hier\u00fcber werden wir Sie kontaktieren.<\/div><\/div><div id=\"wpforms-502-field_5-container\" class=\"wpforms-field wpforms-field-text\" data-field-id=\"5\"><label class=\"wpforms-field-label\" for=\"wpforms-502-field_5\">Unternehmen<\/label><input type=\"text\" id=\"wpforms-502-field_5\" class=\"wpforms-field-medium\" name=\"wpforms[fields][5]\" aria-errormessage=\"wpforms-502-field_5-error\" aria-describedby=\"wpforms-502-field_5-description\" ><div id=\"wpforms-502-field_5-description\" class=\"wpforms-field-description\">(optional)<\/div><\/div>\t\t<div id=\"wpforms-502-field_9-container\"\n\t\t\tclass=\"wpforms-field wpforms-field-text\"\n\t\t\tdata-field-type=\"text\"\n\t\t\tdata-field-id=\"9\"\n\t\t\t>\n\t\t\t<label class=\"wpforms-field-label\" for=\"wpforms-502-field_9\" >Telefonnummer Betreff oder<\/label>\n\t\t\t<input type=\"text\" id=\"wpforms-502-field_9\" class=\"wpforms-field-medium\" name=\"wpforms[fields][9]\" >\n\t\t<\/div>\n\t\t<div id=\"wpforms-502-field_6-container\" class=\"wpforms-field wpforms-field-text\" data-field-id=\"6\"><label class=\"wpforms-field-label\" for=\"wpforms-502-field_6\">Telefonnummer<\/label><input type=\"text\" id=\"wpforms-502-field_6\" class=\"wpforms-field-medium\" name=\"wpforms[fields][6]\" aria-errormessage=\"wpforms-502-field_6-error\" aria-describedby=\"wpforms-502-field_6-description\" ><div id=\"wpforms-502-field_6-description\" class=\"wpforms-field-description\">Bitte geben Sie eine Nummer an, unter der Sie erreichbar sind (optional).<\/div><\/div><div id=\"wpforms-502-field_7-container\" class=\"wpforms-field wpforms-field-select wpforms-field-select-style-classic\" data-field-id=\"7\"><label class=\"wpforms-field-label\" for=\"wpforms-502-field_7\">Betreff <span class=\"wpforms-required-label\" aria-hidden=\"true\">*<\/span><\/label><select id=\"wpforms-502-field_7\" class=\"wpforms-field-medium wpforms-field-required\" name=\"wpforms[fields][7]\" required=\"required\"><option value=\"\" class=\"placeholder\" disabled  selected='selected'>--- Auswahl treffen ---<\/option><option value=\"Frage zum Stilprofil\"  class=\"choice-1 depth-1\"  >Frage zum Stilprofil<\/option><option value=\"Pilot-Partner werden\"  class=\"choice-2 depth-1\"  >Pilot-Partner werden<\/option><option value=\"Mein Sortiment messbar machen\"  class=\"choice-3 depth-1\"  >Mein Sortiment messbar machen<\/option><option value=\"Als Designer \/ (Innen-)Architekt registrieren\"  class=\"choice-4 depth-1\"  >Als Designer \/ (Innen-)Architekt registrieren<\/option><option value=\"Presse &amp; Medien\"  class=\"choice-5 depth-1\"  >Presse &amp; Medien<\/option><option value=\"Sonstiges\"  class=\"choice-6 depth-1\"  >Sonstiges<\/option><\/select><\/div><div id=\"wpforms-502-field_3-container\" class=\"wpforms-field wpforms-field-textarea\" data-field-id=\"3\"><label class=\"wpforms-field-label\" for=\"wpforms-502-field_3\">Kommentar oder Nachricht <span class=\"wpforms-required-label\" aria-hidden=\"true\">*<\/span><\/label><textarea id=\"wpforms-502-field_3\" class=\"wpforms-field-medium wpforms-field-required\" name=\"wpforms[fields][3]\" aria-errormessage=\"wpforms-502-field_3-error\" aria-describedby=\"wpforms-502-field_3-description\" required><\/textarea><div id=\"wpforms-502-field_3-description\" class=\"wpforms-field-description\">Was m\u00f6chten Sie uns mitteilen?<\/div><\/div><div id=\"wpforms-502-field_8-container\" class=\"wpforms-field wpforms-field-checkbox\" data-field-id=\"8\"><fieldset><legend class=\"wpforms-field-label\">Datenschutz <span class=\"wpforms-required-label\" aria-hidden=\"true\">*<\/span><\/legend><ul id=\"wpforms-502-field_8\" class=\"wpforms-field-required\"><li class=\"choice-1 depth-1\"><input type=\"checkbox\" id=\"wpforms-502-field_8_1\" name=\"wpforms[fields][8][]\" value=\"Ich bin einverstanden, dass meine Daten zur Kontaktaufnahme verarbeitet werden.\" aria-errormessage=\"wpforms-502-field_8_1-error\" required ><label class=\"wpforms-field-label-inline\" for=\"wpforms-502-field_8_1\">Ich bin einverstanden, dass meine Daten zur Kontaktaufnahme verarbeitet werden.<\/label><\/li><\/ul><\/fieldset><\/div><script>\n\t\t\t\t( function() {\n\t\t\t\t\tconst style = document.createElement( 'style' );\n\t\t\t\t\tstyle.appendChild( document.createTextNode( '#wpforms-502-field_9-container { position: absolute !important; overflow: hidden !important; display: inline !important; height: 1px !important; width: 1px !important; z-index: -1000 !important; padding: 0 !important; } #wpforms-502-field_9-container input { visibility: hidden; } #wpforms-conversational-form-page #wpforms-502-field_9-container label { counter-increment: none; }' ) );\n\t\t\t\t\tdocument.head.appendChild( style );\n\t\t\t\t\tdocument.currentScript?.remove();\n\t\t\t\t} )();\n\t\t\t<\/script><\/div><!-- .wpforms-field-container --><div class=\"wpforms-recaptcha-container wpforms-is-hcaptcha\" ><div class=\"h-captcha\" data-sitekey=\"49560bc4-7ed8-466c-937c-f370bf40b2a4\"><\/div><input type=\"text\" name=\"g-recaptcha-hidden\" class=\"wpforms-recaptcha-hidden\" style=\"position:absolute!important;clip:rect(0,0,0,0)!important;height:1px!important;width:1px!important;border:0!important;overflow:hidden!important;padding:0!important;margin:0!important;\" data-rule-hcaptcha=\"1\"><\/div><div class=\"wpforms-submit-container\" ><input type=\"hidden\" name=\"wpforms[id]\" value=\"502\"><input type=\"hidden\" name=\"page_title\" value=\"\"><input type=\"hidden\" name=\"page_url\" value=\"https:\/\/myvibe.id\/de\/wp-json\/wp\/v2\/pages\/433\"><input type=\"hidden\" name=\"url_referer\" value=\"\"><button type=\"submit\" name=\"wpforms[submit]\" id=\"wpforms-submit-502\" class=\"wpforms-submit\" data-alt-text=\"Wird gesendet\u00a0\u2026\" data-submit-text=\"Nachricht senden\" aria-live=\"assertive\" value=\"wpforms-submit\">Nachricht senden<\/button><img decoding=\"async\" src=\"https:\/\/myvibe.id\/wp-content\/plugins\/wpforms-lite\/assets\/images\/submit-spin.svg\" class=\"wpforms-submit-spinner\" style=\"display: none;\" width=\"26\" height=\"26\" alt=\"Wird geladen\"><\/div><\/form><\/div>  <!-- .wpforms-container -->\t\t\t\t<\/div>\n\t\t\t\t<\/div>\n\t\t\t\t<\/div>\n\t\t\t\t\t<\/div>\n\t\t\t\t<\/div>\n\t\t\t\t<\/div>\n\t\t","protected":false},"excerpt":{"rendered":"<p>Sprechen wir \u00fcber Ihren n\u00e4chsten Schritt. Ob Sie Ihren pers\u00f6nlichen Stil entdecken m\u00f6chten oder als Unternehmen Pilot-Partner werden wollen &#8211; wir freuen uns auf Ihre Nachricht. So erreichen Sie uns \u2709\ufe0f E-Mail hello@myvibe.id \ud83d\udcde Telefon +49 (0)8456 9641 404 \ud83d\udccd Adresse Open The Box GmbHAndreas-Schmeller-Str. 8D-85092 K\u00f6sching \ud83d\udd50 Antwortzeit Wir antworten an Wochentagen in der [&hellip;]<\/p>\n","protected":false},"author":1,"featured_media":428,"parent":0,"menu_order":0,"comment_status":"closed","ping_status":"closed","template":"elementor_theme","meta":{"footnotes":""},"class_list":["post-433","page","type-page","status-publish","has-post-thumbnail","hentry"],"_links":{"self":[{"href":"https:\/\/myvibe.id\/de\/wp-json\/wp\/v2\/pages\/433","targetHints":{"allow":["GET"]}}],"collection":[{"href":"https:\/\/myvibe.id\/de\/wp-json\/wp\/v2\/pages"}],"about":[{"href":"https:\/\/myvibe.id\/de\/wp-json\/wp\/v2\/types\/page"}],"author":[{"embeddable":true,"href":"https:\/\/myvibe.id\/de\/wp-json\/wp\/v2\/users\/1"}],"replies":[{"embeddable":true,"href":"https:\/\/myvibe.id\/de\/wp-json\/wp\/v2\/comments?post=433"}],"version-history":[{"count":28,"href":"https:\/\/myvibe.id\/de\/wp-json\/wp\/v2\/pages\/433\/revisions"}],"predecessor-version":[{"id":639,"href":"https:\/\/myvibe.id\/de\/wp-json\/wp\/v2\/pages\/433\/revisions\/639"}],"wp:featuredmedia":[{"embeddable":true,"href":"https:\/\/myvibe.id\/de\/wp-json\/wp\/v2\/media\/428"}],"wp:attachment":[{"href":"https:\/\/myvibe.id\/de\/wp-json\/wp\/v2\/media?parent=433"}],"curies":[{"name":"wp","href":"https:\/\/api.w.org\/{rel}","templated":true}]}}